{"id":462,"date":"2012-05-23T17:52:44","date_gmt":"2012-05-23T17:52:44","guid":{"rendered":"http:\/\/cadenaradialnuevavida.com\/site\/?page_id=462"},"modified":"2024-03-27T21:09:56","modified_gmt":"2024-03-27T21:09:56","slug":"servicios","status":"publish","type":"page","link":"https:\/\/www.cadenaradialnuevavida.com\/site\/servicios\/","title":{"rendered":"Estaciones"},"content":{"rendered":"<p><strong>Noticias:<br \/>\n<\/strong>Las noticias en la radio, constituye una revisi\u00f3n permanente de la actualidad puesta al d\u00eda, hora a hora. En estas coordenadas nos movemos en Cadena Radia Nueva Vida, para mantener a nuestros oyentes, plenamente informados. De tal forma estructurados en un completo arco horario, que permite acceder a todos los radioescuchas, al margen de sus actividades, a las noticias en horas claves del d\u00eda.<\/p>\n<p><strong>Espacio Cadena Radial Nueva Vida:<\/strong><br \/>\nEste servicio va dirigido a congregaciones, pastores, evangelistas y ministerios en general; Cadena Radial Nueva Vida, tiene un espacio al aire para todos ustedes, que tienen el llamado de predicar la palabra del Se\u00f1or \u2026<br \/>\nCubrimos una amplia audencia Cristiana y NO Cristiana. Espacio Cadena Radial Nueva Vida, es el mejor medio de comunicaci\u00f3n para hacer o\u00edr tu voz.<\/p>\n<p><strong>Publicidad Empresarial:<br \/>\n<\/strong>En tiempo de crisis la publicidad genera ventas, participa de los grandes beneficios anunciado tu empresa o negocio, tu producto o servicio, en un medio efectivo y \u00fanico en su g\u00e9nero \u2026 Estamos seguros que as\u00ed como aquellos negocios que ya se anuncian en Cadena Radial Nueva Vida; tu negocio tambi\u00e9n podr\u00eda obtener resultados muy positivos. Perm\u00edtenos visitarte y hablar personalmente contigo para ofrecerte nuestros paquetes de publicidad; incluyen n\u00fameros de anuncios diarios, entrevistas al aire o menci\u00f3n de nuestros locutores, as\u00ed como patrocinios de programas y participaci\u00f3n en este medio radial cristiano.<\/p>\n","protected":false},"excerpt":{"rendered":"<p>Noticias: Las noticias en la radio, constituye una revisi\u00f3n permanente de la actualidad puesta al d\u00eda, hora a hora. En estas coordenadas nos movemos en Cadena Radia Nueva Vida, para mantener a nuestros oyentes, plenamente informados. De tal forma estructurados en un completo arco horario, que permite acceder a todos los radioescuchas, al margen de &#8230; <span class=\"more\"><a class=\"more-link\" href=\"https:\/\/www.cadenaradialnuevavida.com\/site\/servicios\/\">[Lee m\u00e1s&#8230;]<\/a><\/span><\/p>\n","protected":false},"author":1,"featured_media":0,"parent":0,"menu_order":0,"comment_status":"open","ping_status":"open","template":"","meta":{"footnotes":""},"class_list":["entry","page","publish","author-cadena-radial-nueva-vida","post-462"],"_links":{"self":[{"href":"https:\/\/www.cadenaradialnuevavida.com\/site\/wp-json\/wp\/v2\/pages\/462","targetHints":{"allow":["GET"]}}],"collection":[{"href":"https:\/\/www.cadenaradialnuevavida.com\/site\/wp-json\/wp\/v2\/pages"}],"about":[{"href":"https:\/\/www.cadenaradialnuevavida.com\/site\/wp-json\/wp\/v2\/types\/page"}],"author":[{"embeddable":true,"href":"https:\/\/www.cadenaradialnuevavida.com\/site\/wp-json\/wp\/v2\/users\/1"}],"replies":[{"embeddable":true,"href":"https:\/\/www.cadenaradialnuevavida.com\/site\/wp-json\/wp\/v2\/comments?post=462"}],"version-history":[{"count":4,"href":"https:\/\/www.cadenaradialnuevavida.com\/site\/wp-json\/wp\/v2\/pages\/462\/revisions"}],"predecessor-version":[{"id":2035,"href":"https:\/\/www.cadenaradialnuevavida.com\/site\/wp-json\/wp\/v2\/pages\/462\/revisions\/2035"}],"wp:attachment":[{"href":"https:\/\/www.cadenaradialnuevavida.com\/site\/wp-json\/wp\/v2\/media?parent=462"}],"curies":[{"name":"wp","href":"https:\/\/api.w.org\/{rel}","templated":true}]}}