{"id":466,"date":"2012-05-23T17:56:02","date_gmt":"2012-05-23T17:56:02","guid":{"rendered":"http:\/\/cadenaradialnuevavida.com\/site\/?page_id=466"},"modified":"2012-06-14T03:07:21","modified_gmt":"2012-06-14T03:07:21","slug":"wdyt-1220-am","status":"publish","type":"page","link":"https:\/\/www.cadenaradialnuevavida.com\/site\/wdyt-1220-am\/","title":{"rendered":"WDYT 1220 AM"},"content":{"rendered":"<p><a href=\"http:\/\/radialnuevavidaclt.com\/live.html\"><img loading=\"lazy\" decoding=\"async\" class=\"alignleft size-full wp-image-617\" title=\"banner_radio_1220\" src=\"http:\/\/cadenaradialnuevavida.com\/site\/wp-content\/uploads\/2012\/06\/banner_radio_1220.jpg\" alt=\"\" width=\"615\" height=\"100\" srcset=\"https:\/\/www.cadenaradialnuevavida.com\/site\/wp-content\/uploads\/2012\/06\/banner_radio_1220.jpg 615w, https:\/\/www.cadenaradialnuevavida.com\/site\/wp-content\/uploads\/2012\/06\/banner_radio_1220-300x48.jpg 300w\" sizes=\"auto, (max-width: 615px) 100vw, 615px\" \/><\/a><\/p>\n<p>En el a\u00f1o 2009 obtenemos otra victoria m\u00e1s que el Se\u00f1or nos otorga, nace Radio Nueva Vida 1220 AM, en la ciudad de Charlotte, Gastonia, Concord en Carolina del Norte y Rock Hill y Greenville en Carolina del Sur.<\/p>\n<p>Con esta nueva emisora y con la promesa que Dios nos ha dado nace Cadena Radial Nueva Vida, ahora somos un grupo de emisoras 100% cristianas dedicadas a transmitir la palabra de Dios por la inmensidad del cielo a trav\u00e9s de las ondas hertzianas.<\/p>\n<p>Realizamos una programaci\u00f3n din\u00e1mica, y con ella hemos alcanzado a muchas vidas para Cristo. Se ha ministrado a miles de personas en sus necesidades espirituales, orando por enfermos que han recibido un milagro de Dios.<\/p>\n<p>La radio ha sido de mucha bendici\u00f3n para los presos en c\u00e1rceles de los diferentes condados del estado, ya que muchos de ellos escriben cartas donde testifican de c\u00f3mo la radio les ha consolado y fortalecido en los momentos de soledad y desesperaci\u00f3n. Lo m\u00e1s importante es que han entregado su vida a nuestro Salvador Jesucristo y sus cartas son la muestra de lo que la radio hace d\u00eda tras d\u00eda en sus vidas.<\/p>\n<p>Para todos los que trabajamos en la radio ha sido un gozo el escuchar bellos testimonios que nos motivan a seguir ministrando la palabra de Dios d\u00eda a d\u00eda. Te invitamos ha continuar sintoniz\u00e1ndonos a trav\u00e9s de nuestras frecuencias o v\u00eda internet.<\/p>\n","protected":false},"excerpt":{"rendered":"<p>En el a\u00f1o 2009 obtenemos otra victoria m\u00e1s que el Se\u00f1or nos otorga, nace Radio Nueva Vida 1220 AM, en la ciudad de Charlotte, Gastonia, Concord en Carolina del Norte y Rock Hill y Greenville en Carolina del Sur. Con esta nueva emisora y con la promesa que Dios nos ha dado nace Cadena Radial &#8230; <span class=\"more\"><a class=\"more-link\" href=\"https:\/\/www.cadenaradialnuevavida.com\/site\/wdyt-1220-am\/\">[Lee m\u00e1s&#8230;]<\/a><\/span><\/p>\n","protected":false},"author":1,"featured_media":0,"parent":0,"menu_order":0,"comment_status":"closed","ping_status":"closed","template":"","meta":{"footnotes":""},"class_list":["entry","page","publish","author-cadena-radial-nueva-vida","post-466"],"_links":{"self":[{"href":"https:\/\/www.cadenaradialnuevavida.com\/site\/wp-json\/wp\/v2\/pages\/466","targetHints":{"allow":["GET"]}}],"collection":[{"href":"https:\/\/www.cadenaradialnuevavida.com\/site\/wp-json\/wp\/v2\/pages"}],"about":[{"href":"https:\/\/www.cadenaradialnuevavida.com\/site\/wp-json\/wp\/v2\/types\/page"}],"author":[{"embeddable":true,"href":"https:\/\/www.cadenaradialnuevavida.com\/site\/wp-json\/wp\/v2\/users\/1"}],"replies":[{"embeddable":true,"href":"https:\/\/www.cadenaradialnuevavida.com\/site\/wp-json\/wp\/v2\/comments?post=466"}],"version-history":[{"count":10,"href":"https:\/\/www.cadenaradialnuevavida.com\/site\/wp-json\/wp\/v2\/pages\/466\/revisions"}],"predecessor-version":[{"id":647,"href":"https:\/\/www.cadenaradialnuevavida.com\/site\/wp-json\/wp\/v2\/pages\/466\/revisions\/647"}],"wp:attachment":[{"href":"https:\/\/www.cadenaradialnuevavida.com\/site\/wp-json\/wp\/v2\/media?parent=466"}],"curies":[{"name":"wp","href":"https:\/\/api.w.org\/{rel}","templated":true}]}}