{"id":472,"date":"2012-05-23T17:58:28","date_gmt":"2012-05-23T17:58:28","guid":{"rendered":"http:\/\/cadenaradialnuevavida.com\/site\/?page_id=472"},"modified":"2025-08-07T00:50:30","modified_gmt":"2025-08-07T00:50:30","slug":"wgos-1070-am","status":"publish","type":"page","link":"https:\/\/www.cadenaradialnuevavida.com\/site\/wgos-1070-am\/","title":{"rendered":"WGOS 1070 AM \/ 97.5 FM"},"content":{"rendered":"<p><a href=\"http:\/\/radialnuevavidahp.com\/live.html\" target=\"_blank\" rel=\"noopener\"><img decoding=\"async\" class=\"alignleft  wp-image-608\" title=\"banner_radio_1070\" src=\"http:\/\/cadenaradialnuevavida.com\/site\/wp-content\/uploads\/2012\/06\/banner_radio_1070.jpg\" alt=\"\" \/><\/a><\/p>\n<p>Radio Nueva Vida 1070 AM y 97.5 FM son parte del ministerio de la Iglesia Nueva Vida de High Point, fundada en el a\u00f1o 1996 en al ciudad de High Point, Carolina del Norte. Siempre han tenido la visi\u00f3n de ganar almas para el Reino de Dios. Por varios a\u00f1os transmitieron programas radiales en diferentes estaciones seculares para alcanzar la comunidad hispana. En el a\u00f1o 2003, Dios abri\u00f3 una puerta gigante en la estaci\u00f3n WGOS 1070 AM para que se pudiese predicar el Evangelio. \u00a1A Dios sea la gloria!<\/p>\n<p>Radio Nueva Vida 1070 AM es la primera estaci\u00f3n cristiana que transmite una programaci\u00f3n que bendice y edifica a nuestra comunidad todos los d\u00edas.<\/p>\n<p>Radio Nueva Vida 1070 AM es la \u00fanica emisora habla Hispana totalmente cristiana en el Piedmont Triad con una potencia que cubre los siguientes condados:<\/p>\n<p>\u2022 Forsyth<br \/>\n\u2022 Guilford<br \/>\n\u2022 Iredell<br \/>\n\u2022 Randolph<br \/>\n\u2022 Davidson y muchos m\u00e1s\u2026<\/p>\n<p><a href=\"https:\/\/www.cadenaradialnuevavida.com\/site\/wp-content\/uploads\/2025\/08\/final-2.jpeg\"><img loading=\"lazy\" decoding=\"async\" class=\"aligncenter wp-image-2079 size-large\" src=\"https:\/\/www.cadenaradialnuevavida.com\/site\/wp-content\/uploads\/2025\/08\/final-2-1024x651.jpeg\" alt=\"\" width=\"700\" height=\"445\" srcset=\"https:\/\/www.cadenaradialnuevavida.com\/site\/wp-content\/uploads\/2025\/08\/final-2-1024x651.jpeg 1024w, https:\/\/www.cadenaradialnuevavida.com\/site\/wp-content\/uploads\/2025\/08\/final-2-300x191.jpeg 300w, https:\/\/www.cadenaradialnuevavida.com\/site\/wp-content\/uploads\/2025\/08\/final-2-768x488.jpeg 768w, https:\/\/www.cadenaradialnuevavida.com\/site\/wp-content\/uploads\/2025\/08\/final-2-1536x976.jpeg 1536w, https:\/\/www.cadenaradialnuevavida.com\/site\/wp-content\/uploads\/2025\/08\/final-2.jpeg 1619w\" sizes=\"auto, (max-width: 700px) 100vw, 700px\" \/><\/a><\/p>\n<p>&nbsp;<\/p>\n","protected":false},"excerpt":{"rendered":"<p>Radio Nueva Vida 1070 AM y 97.5 FM son parte del ministerio de la Iglesia Nueva Vida de High Point, fundada en el a\u00f1o 1996 en al ciudad de High Point, Carolina del Norte. Siempre han tenido la visi\u00f3n de ganar almas para el Reino de Dios. Por varios a\u00f1os transmitieron programas radiales en diferentes &#8230; <span class=\"more\"><a class=\"more-link\" href=\"https:\/\/www.cadenaradialnuevavida.com\/site\/wgos-1070-am\/\">[Lee m\u00e1s&#8230;]<\/a><\/span><\/p>\n","protected":false},"author":1,"featured_media":0,"parent":0,"menu_order":0,"comment_status":"closed","ping_status":"closed","template":"","meta":{"footnotes":""},"class_list":["entry","page","publish","author-cadena-radial-nueva-vida","post-472"],"_links":{"self":[{"href":"https:\/\/www.cadenaradialnuevavida.com\/site\/wp-json\/wp\/v2\/pages\/472","targetHints":{"allow":["GET"]}}],"collection":[{"href":"https:\/\/www.cadenaradialnuevavida.com\/site\/wp-json\/wp\/v2\/pages"}],"about":[{"href":"https:\/\/www.cadenaradialnuevavida.com\/site\/wp-json\/wp\/v2\/types\/page"}],"author":[{"embeddable":true,"href":"https:\/\/www.cadenaradialnuevavida.com\/site\/wp-json\/wp\/v2\/users\/1"}],"replies":[{"embeddable":true,"href":"https:\/\/www.cadenaradialnuevavida.com\/site\/wp-json\/wp\/v2\/comments?post=472"}],"version-history":[{"count":15,"href":"https:\/\/www.cadenaradialnuevavida.com\/site\/wp-json\/wp\/v2\/pages\/472\/revisions"}],"predecessor-version":[{"id":2084,"href":"https:\/\/www.cadenaradialnuevavida.com\/site\/wp-json\/wp\/v2\/pages\/472\/revisions\/2084"}],"wp:attachment":[{"href":"https:\/\/www.cadenaradialnuevavida.com\/site\/wp-json\/wp\/v2\/media?parent=472"}],"curies":[{"name":"wp","href":"https:\/\/api.w.org\/{rel}","templated":true}]}}