{"id":475,"date":"2012-05-23T17:59:41","date_gmt":"2012-05-23T17:59:41","guid":{"rendered":"http:\/\/cadenaradialnuevavida.com\/site\/?page_id=475"},"modified":"2013-06-10T19:26:25","modified_gmt":"2013-06-10T19:26:25","slug":"wbzk-la-nueva-980-am","status":"publish","type":"page","link":"https:\/\/www.cadenaradialnuevavida.com\/site\/wbzk-la-nueva-980-am\/","title":{"rendered":"WULR La Nueva 980 AM"},"content":{"rendered":"<p><script type='text\/javascript' src='http:\/\/flash01.audio-stream.com\/system\/misc\/jwplayer\/swfobject.js'><\/script><\/p>\n<div id='mediaspace'>Launch 980 stream<\/div>\n<p><script type='text\/javascript'>\nvar so = new SWFObject('http:\/\/flash01.audio-stream.com\/system\/misc\/jwplayer\/player.swf','mpl','480','360','9');\nso.addParam('allowfullscreen','true');\nso.addParam('allowscriptaccess','always');\nso.addParam('wmode','opaque');\nso.addVariable('file','8030');\nso.addVariable('streamer','rtmp:\/\/flash01.audio-stream.com\/8030');\nso.write('mediaspace');\n<\/script> <\/p>\n<p><a href=\"http:\/\/8142.vs01.audio-stream.com\/listen.php?type=qtl\"><img loading=\"lazy\" decoding=\"async\" class=\"alignleft size-full wp-image-570\" title=\"quicktime_logo\" alt=\"\" src=\"http:\/\/cadenaradialnuevavida.com\/site\/wp-content\/uploads\/2012\/05\/quicktime_logo.png\" width=\"80\" height=\"80\" \/><\/a><\/p>\n<p><a href=\"http:\/\/8142.vs01.audio-stream.com\/listen.php?type=asx\"><img loading=\"lazy\" decoding=\"async\" class=\"alignleft size-full wp-image-567\" title=\"windows_media_player\" alt=\"\" src=\"http:\/\/cadenaradialnuevavida.com\/site\/wp-content\/uploads\/2012\/05\/windows_media_player.png\" width=\"80\" height=\"80\" \/><\/a><\/p>\n<p><a href=\"http:\/\/8142.vs01.audio-stream.com\/listen.php?type=ram\"><img loading=\"lazy\" decoding=\"async\" class=\"alignleft size-full wp-image-565\" title=\"realplayer\" alt=\"\" src=\"http:\/\/cadenaradialnuevavida.com\/site\/wp-content\/uploads\/2012\/05\/realplayer.png\" width=\"80\" height=\"80\" \/><\/a><\/p>\n<p><a href=\"http:\/\/8142.vs01.audio-stream.com\/listen.php?type=pls\"><img loading=\"lazy\" decoding=\"async\" class=\"alignleft size-full wp-image-566\" title=\"Winamp_dock_icon_white_by_furiousfelinefuries\" alt=\"\" src=\"http:\/\/cadenaradialnuevavida.com\/site\/wp-content\/uploads\/2012\/05\/Winamp_dock_icon_white_by_furiousfelinefuries.png\" width=\"80\" height=\"75\" \/><\/a><\/p>\n<p>&nbsp;<\/p>\n<p>&nbsp;<\/p>\n<p>&nbsp;<\/p>\n<p>&nbsp;<\/p>\n<p>Pero cuando los siervos de Isaac cavaron en el valle, y hallaron all\u00ed un pozo de aguas vivas, los pastores de Gerar ri\u00f1eron con los pastores de Isaac, diciendo: El agua es nuestra. Por eso llam\u00f3 el nombre del pozo Esek, porque hab\u00edan altercado con \u00e9l. Y abrieron otro pozo, y tambi\u00e9n ri\u00f1eron sobre \u00e9l; y llam\u00f3 su nombre Sitna. Y se apart\u00f3 de all\u00ed, y abri\u00f3 otro pozo, y no ri\u00f1eron sobre \u00e9l; y llam\u00f3 su nombre Rehobot, y dijo: Porque ahora Jehov\u00e1 nos ha prosperado, y fructificaremos en la tierra. Y de all\u00ed subi\u00f3 a Beerseba. Y se le apareci\u00f3 Jehov\u00e1 aquella noche, y le dijo: Yo soy el Dios de Abraham tu padre; no temas, porque yo estoy contigo, y yo bendecir\u00e9, y multiplicar\u00e9 tu descendencia por amor de Abraham mi siervo.<\/p>\n<p><strong><em>Y edific\u00f3 all\u00ed un altar, e invoc\u00f3 el nombre de Jehov\u00e1, y plant\u00f3 all\u00ed su tienda; y abrieron all\u00ed los siervos de Isaac un pozo.\u201d (Gen 29:19-25).\u00a0<\/em><\/strong><\/p>\n<p>Hoy\u00a0<strong>Cadena Radial Nueva Vida<\/strong>\u00a0abre el cuarto pozo\u00a0<strong>\u201cLA NUEVA 980AM en Charlotte\u201d<\/strong>.\u00a0 Porque las adversidades no nos detienen, hemos tomado la decisi\u00f3n de creer en las promesas de Dios y actuamos de acuerdo a ellas y no a lo que nos rodea, ven, o escuchan; el hambre, la tierra est\u00e9ril, la sequ\u00eda, e incluso la muerte. Un tiempo donde nadie compra, ni vende, nada de esto nos detiene.\u00a0\u00a0<strong>Continuaremos transmitiendo la palabra de Dios<\/strong>\u00a0a mucha gente necesitada del Amor de Dios, impartiendo una palabra de aliento, una palabra de \u00e1nimo, una palabra de bendici\u00f3n, una palabra de Esperanza, una palabra de Fe, una palabra de Salvaci\u00f3n, etc. Que le permitir\u00e1 a cada oyente retomar nuevas fuerzas d\u00eda a d\u00eda.\u00a0<strong>Somos S\u00faper Cadena Radial Nueva Vida.<\/strong><\/p>\n","protected":false},"excerpt":{"rendered":"<p>Launch 980 stream &nbsp; &nbsp; &nbsp; &nbsp; Pero cuando los siervos de Isaac cavaron en el valle, y hallaron all\u00ed un pozo de aguas vivas, los pastores de Gerar ri\u00f1eron con los pastores de Isaac, diciendo: El agua es nuestra. Por eso llam\u00f3 el nombre del pozo Esek, porque hab\u00edan altercado con \u00e9l. Y abrieron &#8230; <span class=\"more\"><a class=\"more-link\" href=\"https:\/\/www.cadenaradialnuevavida.com\/site\/wbzk-la-nueva-980-am\/\">[Lee m\u00e1s&#8230;]<\/a><\/span><\/p>\n","protected":false},"author":1,"featured_media":0,"parent":0,"menu_order":0,"comment_status":"closed","ping_status":"closed","template":"","meta":{"footnotes":""},"class_list":["entry","page","publish","author-cadena-radial-nueva-vida","post-475"],"_links":{"self":[{"href":"https:\/\/www.cadenaradialnuevavida.com\/site\/wp-json\/wp\/v2\/pages\/475","targetHints":{"allow":["GET"]}}],"collection":[{"href":"https:\/\/www.cadenaradialnuevavida.com\/site\/wp-json\/wp\/v2\/pages"}],"about":[{"href":"https:\/\/www.cadenaradialnuevavida.com\/site\/wp-json\/wp\/v2\/types\/page"}],"author":[{"embeddable":true,"href":"https:\/\/www.cadenaradialnuevavida.com\/site\/wp-json\/wp\/v2\/users\/1"}],"replies":[{"embeddable":true,"href":"https:\/\/www.cadenaradialnuevavida.com\/site\/wp-json\/wp\/v2\/comments?post=475"}],"version-history":[{"count":22,"href":"https:\/\/www.cadenaradialnuevavida.com\/site\/wp-json\/wp\/v2\/pages\/475\/revisions"}],"predecessor-version":[{"id":560,"href":"https:\/\/www.cadenaradialnuevavida.com\/site\/wp-json\/wp\/v2\/pages\/475\/revisions\/560"}],"wp:attachment":[{"href":"https:\/\/www.cadenaradialnuevavida.com\/site\/wp-json\/wp\/v2\/media?parent=475"}],"curies":[{"name":"wp","href":"https:\/\/api.w.org\/{rel}","templated":true}]}}